{"id":483,"date":"2024-08-14T08:47:18","date_gmt":"2024-08-14T08:47:18","guid":{"rendered":"https:\/\/marlene.pt\/?page_id=483"},"modified":"2024-09-19T13:35:00","modified_gmt":"2024-09-19T13:35:00","slug":"politica-de-privacidade","status":"publish","type":"page","link":"https:\/\/marlene.pt\/en\/politica-de-privacidade\/","title":{"rendered":"Privacy Policy"},"content":{"rendered":"<div data-elementor-type=\"wp-page\" data-elementor-id=\"483\" class=\"elementor elementor-483\" data-elementor-post-type=\"page\">\n\t\t\t\t<div class=\"elementor-element elementor-element-28cf6c7 e-flex e-con-boxed e-con e-parent\" data-id=\"28cf6c7\" data-element_type=\"container\">\n\t\t\t\t\t<div class=\"e-con-inner\">\n\t\t\t\t<div class=\"elementor-element elementor-element-d43e220 elementor-widget elementor-widget-heading\" data-id=\"d43e220\" data-element_type=\"widget\" data-widget_type=\"heading.default\">\n\t\t\t\t<div class=\"elementor-widget-container\">\n\t\t\t<h2 class=\"elementor-heading-title elementor-size-default\">Privacy Policy<\/h2>\t\t<\/div>\n\t\t\t\t<\/div>\n\t\t\t\t<div class=\"elementor-element elementor-element-29912c5 elementor-widget elementor-widget-text-editor\" data-id=\"29912c5\" data-element_type=\"widget\" data-widget_type=\"text-editor.default\">\n\t\t\t\t<div class=\"elementor-widget-container\">\n\t\t\t\t\t\t\t<p class=\"p1\">A sua privacidade \u00e9 muito importante para n\u00f3s. Respeitamo-la, e estamos empenhados em proteg\u00ea-la. Comprometemo-nos a seguir sempre o previsto na Lei de Protec\u00e7\u00e3o de Dados Pessoais \u2013 Lei n.\u00ba 67\/98, de 26 de Outubro.<\/p><p>A utiliza\u00e7\u00e3o deste site implica a aceita\u00e7\u00e3o da presente Pol\u00edtica de Privacidade.<\/p><p><strong>Confidencialidade dos Dados<\/strong><\/p><p>Solicitamos informa\u00e7\u00f5es de identifica\u00e7\u00e3o pessoal sempre que utiliza o nosso formul\u00e1rio de contacto.<br \/>Da mesma forma, sempre que visita o nosso website, \u00e9 instalado um cookie no seu computador. Trata-se de um ficheiro de texto que um site envia para o software do seu browser. Os cookies permitem que um s\u00edtio personalize as informa\u00e7\u00f5es que lhe s\u00e3o apresentadas, com base nas suas prefer\u00eancias de navega\u00e7\u00e3o. Poder\u00e1 optar por n\u00e3o receber cookies no seu navegador, acedendo \u00e0s configura\u00e7\u00f5es do mesmo.<\/p><p>Este s\u00edtio tamb\u00e9m utiliza cookies para rastrear as visitas. As informa\u00e7\u00f5es recolhidas ajudam-nos a optimizar o conte\u00fado, navega\u00e7\u00e3o, layout e desempenho do site, para que possamos proporcionar um melhor servi\u00e7o.<\/p><p>N\u00e3o facultamos a terceiros, sob circunst\u00e2ncia alguma, as suas informa\u00e7\u00f5es pessoais, sem previamente o informarmos, e sempre em conformidade com a legisla\u00e7\u00e3o atualmente em vigor relativa \u00e0 prote\u00e7\u00e3o das informa\u00e7\u00f5es pessoais. As suas informa\u00e7\u00f5es pessoais poder\u00e3o ser transmitidas a fornecedores externos subcontratados para determinados servi\u00e7os, aos quais exigimos que as mantenham igualmente confidenciais.<\/p><p><strong>Controlo sobre os seus dados<\/strong><\/p><p>Facultamos a todos os clientes a possibilidade de rever, alterar, ou anular os seus dados pessoais contidos na nossa base de dados. Para tal, basta contactar-nos por e-mail para o endere\u00e7o marlene@marlene.pt e sugerir a altera\u00e7\u00e3o desejada.<\/p><p><strong>Links a Sites Terceiros<\/strong><\/p><p>Por forma a melhorar os servi\u00e7os oferecidos no nosso site, poderemos incluir links para sites de terceiros. No entanto, n\u00e3o nos responsabilizamos pelas pol\u00edticas de privacidade, conte\u00fado ou actividade de tais sites.<\/p><p><strong>Altera\u00e7\u00f5es \u00e0 Pol\u00edtica de Privacidade<\/strong><\/p><p>Quaisquer mudan\u00e7as realizadas na presente Pol\u00edtica de Privacidade ser\u00e3o descriminadas nesta p\u00e1gina.<\/p><p><strong>Contacte-nos<\/strong><\/p><p>Para quaisquer quest\u00f5es relativas a esta Pol\u00edtica de Privacidade e aspectos de privacidade dos nossos produtos e servi\u00e7os, ou para efectuar uma reclama\u00e7\u00e3o, \u00e9 favor contactar: marlene@marlene.pt<\/p>\t\t\t\t\t\t<\/div>\n\t\t\t\t<\/div>\n\t\t\t\t\t<\/div>\n\t\t\t\t<\/div>\n\t\t\t\t<\/div>","protected":false},"excerpt":{"rendered":"<p>Pol\u00edtica de Privacidade A sua privacidade \u00e9 muito importante para n\u00f3s. Respeitamo-la, e estamos empenhados em proteg\u00ea-la. Comprometemo-nos a seguir sempre o previsto na Lei de Protec\u00e7\u00e3o de Dados Pessoais \u2013 Lei n.\u00ba 67\/98, de 26 de Outubro. A utiliza\u00e7\u00e3o deste site implica a aceita\u00e7\u00e3o da presente Pol\u00edtica de Privacidade. Confidencialidade dos Dados Solicitamos informa\u00e7\u00f5es [&hellip;]<\/p>","protected":false},"author":1,"featured_media":0,"parent":0,"menu_order":0,"comment_status":"closed","ping_status":"closed","template":"","meta":{"footnotes":""},"class_list":["post-483","page","type-page","status-publish","hentry"],"_links":{"self":[{"href":"https:\/\/marlene.pt\/en\/wp-json\/wp\/v2\/pages\/483","targetHints":{"allow":["GET"]}}],"collection":[{"href":"https:\/\/marlene.pt\/en\/wp-json\/wp\/v2\/pages"}],"about":[{"href":"https:\/\/marlene.pt\/en\/wp-json\/wp\/v2\/types\/page"}],"author":[{"embeddable":true,"href":"https:\/\/marlene.pt\/en\/wp-json\/wp\/v2\/users\/1"}],"replies":[{"embeddable":true,"href":"https:\/\/marlene.pt\/en\/wp-json\/wp\/v2\/comments?post=483"}],"version-history":[{"count":7,"href":"https:\/\/marlene.pt\/en\/wp-json\/wp\/v2\/pages\/483\/revisions"}],"predecessor-version":[{"id":2291,"href":"https:\/\/marlene.pt\/en\/wp-json\/wp\/v2\/pages\/483\/revisions\/2291"}],"wp:attachment":[{"href":"https:\/\/marlene.pt\/en\/wp-json\/wp\/v2\/media?parent=483"}],"curies":[{"name":"wp","href":"https:\/\/api.w.org\/{rel}","templated":true}]}}